{"id":3322,"date":"2021-11-29T13:41:15","date_gmt":"2021-11-29T13:41:15","guid":{"rendered":"https:\/\/hosting.andasauces.be\/offres-demploi\/"},"modified":"2023-12-14T09:25:38","modified_gmt":"2023-12-14T09:25:38","slug":"offres-demploi","status":"publish","type":"page","link":"https:\/\/andasauces.be\/fr\/offres-demploi\/","title":{"rendered":"Offres d&#8217;emploi"},"content":{"rendered":"<p>\n            Anda Sauces se renforce. Afin de continuer \u00e0 assurer une qualit\u00e9 sup\u00e9rieure, nous sommes \u00e0 la recherche de collaborateurs passionn\u00e9s qui, comme nous, souhaitent se plonger corps et \u00e2me dans l&rsquo;univers de la sauce. Les postes ci-dessous sont ouverts, mais si vous voulez vraiment travailler avec nous sur les sauces les plus savoureuses, envoyez votre candidature spontan\u00e9e \u00e0 <a href=\"mailto:silke@andasauces.be\">silke@andasauces.be<\/a>.\n          <\/p>\n<h2>Postes vacants<\/h2>\n<p>\t\t\t\t\t\t\t\t\t\t\t\t<a tabindex=\"0\">Pr\u00e9parateur de sauce exp\u00e9riment\u00e9 (M\/F\/X)<\/a><\/p>\n<p>\n            <a href=\"https:\/\/andasauces.be\/wp-content\/uploads\/2023\/05\/Ervaren-Sauzenbereider_2023_05.pdf\">Cliquez pour plus d&#8217;informations<\/a>\n          <\/p>\n<h2>Postuler<\/h2>\n","protected":false},"excerpt":{"rendered":"<p>Anda Sauces se renforce. Afin de continuer \u00e0 assurer une [&hellip;]<\/p>\n","protected":false},"author":8,"featured_media":3048,"parent":0,"menu_order":0,"comment_status":"closed","ping_status":"closed","template":"","meta":{"_acf_changed":false,"footnotes":""},"class_list":["post-3322","page","type-page","status-publish","has-post-thumbnail","hentry"],"acf":[],"_links":{"self":[{"href":"https:\/\/andasauces.be\/fr\/wp-json\/wp\/v2\/pages\/3322","targetHints":{"allow":["GET"]}}],"collection":[{"href":"https:\/\/andasauces.be\/fr\/wp-json\/wp\/v2\/pages"}],"about":[{"href":"https:\/\/andasauces.be\/fr\/wp-json\/wp\/v2\/types\/page"}],"author":[{"embeddable":true,"href":"https:\/\/andasauces.be\/fr\/wp-json\/wp\/v2\/users\/8"}],"replies":[{"embeddable":true,"href":"https:\/\/andasauces.be\/fr\/wp-json\/wp\/v2\/comments?post=3322"}],"version-history":[{"count":0,"href":"https:\/\/andasauces.be\/fr\/wp-json\/wp\/v2\/pages\/3322\/revisions"}],"wp:featuredmedia":[{"embeddable":true,"href":"https:\/\/andasauces.be\/fr\/wp-json\/wp\/v2\/media\/3048"}],"wp:attachment":[{"href":"https:\/\/andasauces.be\/fr\/wp-json\/wp\/v2\/media?parent=3322"}],"curies":[{"name":"wp","href":"https:\/\/api.w.org\/{rel}","templated":true}]}}