{"id":4888,"date":"2021-12-13T19:17:09","date_gmt":"2021-12-22T12:07:25","guid":{"rendered":"https:\/\/hosting.andasauces.be\/?post_type=product&#038;p=4888"},"modified":"2024-02-23T21:10:02","modified_gmt":"2024-02-23T21:10:02","slug":"pita","status":"publish","type":"product","link":"https:\/\/andasauces.be\/fr\/produit\/pita\/","title":{"rendered":"Pita"},"content":{"rendered":"<p><strong>D\u00e9licieuse avec<\/strong><\/p>\n<p>Viande rouge, frites et snacks<\/p>\n<p><a href=\"https:\/\/andasauces.be\/wp-content\/uploads\/2021\/10\/icoontje-productpagina-01.png\"><img decoding=\"async\" src=\"https:\/\/andasauces.be\/wp-content\/uploads\/2021\/10\/icoontje-productpagina-01-300x300.png\" alt=\"\" width=\"50\" height=\"50\" \/><\/a> <img decoding=\"async\" src=\"https:\/\/andasauces.be\/wp-content\/uploads\/2021\/10\/icoontje-productpagina-06-300x300.png\" alt=\"\" width=\"50\" height=\"50\" \/> <a href=\"https:\/\/andasauces.be\/wp-content\/uploads\/2021\/10\/icoontje-productpagina-09.png\"><img decoding=\"async\" src=\"https:\/\/andasauces.be\/wp-content\/uploads\/2021\/10\/icoontje-productpagina-09-300x300.png\" alt=\"\" width=\"50\" height=\"50\" \/><\/a><\/p>\n","protected":false},"excerpt":{"rendered":"<p>La sauce Pita d\u2019Anda est une d\u00e9licieuse sauce cr\u00e9meuse semi-liquide \u00e9mulsionn\u00e9e. Elle est assaisonn\u00e9e avec un soup\u00e7on d\u2019ail et d\u2019herbes aromatiques. On l\u2019appelle \u00e9galement sauce \u00e0 l\u2019ail. La base id\u00e9ale pour cr\u00e9er votre propre sauce \u00e0 l\u2019aide de yaourt ou de fromage blanc.<\/p>\n<p>&nbsp;<\/p>\n<h2><strong>Ingr\u00e9dients<\/strong><\/h2>\n<p>huile de colza (65%), <strong>jaune d&rsquo;\u0153ufs frais<\/strong>, eau, ail en poudre, <strong>moutarde<\/strong> (eau, <strong>graines de moutarde<\/strong>, vinaigre, sel, herbes), dextrose, vinaigre, sel, constituantes de <strong>lait<\/strong>, dextrose, herbes, \u00e9pices, acide alimentaire: acide citrique, conservateur: sorbate de potassium, benzoate de sodium, \u00e9paissisant: gomme guar, gomme xanthane, antioxyg\u00e8ne: calcium disodium-EDTA.<\/p>\n<p>&nbsp;<\/p>\n<h2>Allerg\u00e8nes<\/h2>\n<p>\u0153ufs, moutarde, lait<\/p>\n<p>&nbsp;<\/p>\n<h2><strong>D\u00e9licieuse avec<\/strong><\/h2>\n<p>Elle convient parfaitement aux pitas, kebabs et gyros, mais se marie \u00e9galement tr\u00e8s bien avec le porc, l\u2019agneau et les hamburgers.<\/p>\n<p>Laissez-vous inspirer par cette recette:<\/p>\n<ul>\n<li><a href=\"https:\/\/andasauces.be\/fr\/recettes\/pita-au-poulet-recette\/\">Pita au poulet<\/a><\/li>\n<\/ul>\n<p>&nbsp;<\/p>\n<p><img decoding=\"async\" class=\"\" src=\"https:\/\/andasauces.be\/wp-content\/uploads\/2021\/10\/icoontje-productpagina-01-300x300.png\" alt=\"\" width=\"50\" height=\"50\" \/> <img decoding=\"async\" class=\"\" src=\"https:\/\/andasauces.be\/wp-content\/uploads\/2021\/10\/icoontje-productpagina-09-300x300.png\" alt=\"\" width=\"50\" height=\"50\" \/> <img decoding=\"async\" class=\"alignnone wp-image-2059\" src=\"https:\/\/andasauces.be\/wp-content\/uploads\/2021\/10\/icoontje-productpagina-03-300x300.png\" alt=\"\" width=\"50\" height=\"50\" srcset=\"https:\/\/andasauces.be\/wp-content\/uploads\/2021\/10\/icoontje-productpagina-03-100x100.png 100w, https:\/\/andasauces.be\/wp-content\/uploads\/2021\/10\/icoontje-productpagina-03-150x150.png 150w, https:\/\/andasauces.be\/wp-content\/uploads\/2021\/10\/icoontje-productpagina-03-300x300.png 300w, https:\/\/andasauces.be\/wp-content\/uploads\/2021\/10\/icoontje-productpagina-03-500x499.png 500w, https:\/\/andasauces.be\/wp-content\/uploads\/2021\/10\/icoontje-productpagina-03-700x699.png 700w, https:\/\/andasauces.be\/wp-content\/uploads\/2021\/10\/icoontje-productpagina-03-768x767.png 768w, https:\/\/andasauces.be\/wp-content\/uploads\/2021\/10\/icoontje-productpagina-03.png 887w\" sizes=\"(max-width: 50px) 100vw, 50px\" \/><\/p>\n<p>&nbsp;<\/p>\n<h2><strong>Sp\u00e9cifications du produit<\/strong><\/h2>\n<ul>\n<li><a href=\"https:\/\/permalink.psinfoodservice.com\/prod\/product\/web\/ean\/5412541607016\/db613862-49b3-492b-8b98-6694d76a3e2c\/?language=NL&amp;detailLevel=basic&amp;preferredTargetMarket=BE\" target=\"_blank\" rel=\"noopener\"><span style=\"font-weight: 400;\">Pita Bocal 650 ML<\/span><\/a><\/li>\n<li><a href=\"https:\/\/permalink.psinfoodservice.com\/prod\/product\/web\/ean\/5412541607061\/db613862-49b3-492b-8b98-6694d76a3e2c\/?language=FR&amp;detailLevel=basic&amp;preferredTargetMarket=BE\">Pita Tube 1L<\/a><\/li>\n<li><a href=\"https:\/\/permalink.psinfoodservice.com\/prod\/product\/web\/ean\/5412541607030\/db613862-49b3-492b-8b98-6694d76a3e2c\/?language=NL&amp;detailLevel=basic&amp;preferredTargetMarket=BE\" target=\"_blank\" rel=\"noopener\">Pita Seau 3L<\/a><\/li>\n<li><a href=\"https:\/\/permalink.psinfoodservice.com\/prod\/product\/web\/ean\/5412541607108\/db613862-49b3-492b-8b98-6694d76a3e2c\/?language=NL&amp;detailLevel=basic&amp;preferredTargetMarket=BE\" target=\"_blank\" rel=\"noopener\">Pita Box 5L<\/a><\/li>\n<li><a href=\"https:\/\/permalink.psinfoodservice.com\/prod\/product\/web\/ean\/5412541607054\/db613862-49b3-492b-8b98-6694d76a3e2c\/?language=NL&amp;detailLevel=basic&amp;preferredTargetMarket=BE\" target=\"_blank\" rel=\"noopener\">Pita Seau 10L<\/a><\/li>\n<\/ul>\n","protected":false},"featured_media":5162,"template":"","meta":{"_acf_changed":false},"product_brand":[],"product_cat":[142],"product_tag":[165,131,171,167,179,135],"class_list":{"0":"post-4888","1":"product","2":"type-product","3":"status-publish","4":"has-post-thumbnail","6":"product_cat-sauces","7":"product_tag-box-5l-fr","8":"product_tag-sauce-hamburger","9":"product_tag-seau-10l","10":"product_tag-seau-3l","11":"product_tag-tube-1l-fr","12":"product_tag-vegetarienne","14":"first","15":"instock","16":"shipping-taxable","17":"purchasable","18":"product-type-variable"},"acf":[],"_links":{"self":[{"href":"https:\/\/andasauces.be\/fr\/wp-json\/wp\/v2\/product\/4888","targetHints":{"allow":["GET"]}}],"collection":[{"href":"https:\/\/andasauces.be\/fr\/wp-json\/wp\/v2\/product"}],"about":[{"href":"https:\/\/andasauces.be\/fr\/wp-json\/wp\/v2\/types\/product"}],"wp:featuredmedia":[{"embeddable":true,"href":"https:\/\/andasauces.be\/fr\/wp-json\/wp\/v2\/media\/5162"}],"wp:attachment":[{"href":"https:\/\/andasauces.be\/fr\/wp-json\/wp\/v2\/media?parent=4888"}],"wp:term":[{"taxonomy":"product_brand","embeddable":true,"href":"https:\/\/andasauces.be\/fr\/wp-json\/wp\/v2\/product_brand?post=4888"},{"taxonomy":"product_cat","embeddable":true,"href":"https:\/\/andasauces.be\/fr\/wp-json\/wp\/v2\/product_cat?post=4888"},{"taxonomy":"product_tag","embeddable":true,"href":"https:\/\/andasauces.be\/fr\/wp-json\/wp\/v2\/product_tag?post=4888"}],"curies":[{"name":"wp","href":"https:\/\/api.w.org\/{rel}","templated":true}]}}