{"id":4904,"date":"2021-12-13T19:07:27","date_gmt":"2021-12-13T19:07:27","guid":{"rendered":"https:\/\/hosting.andasauces.be\/?post_type=product&#038;p=4904"},"modified":"2025-11-06T11:15:17","modified_gmt":"2025-11-06T10:15:17","slug":"smokey-barbecue","status":"publish","type":"product","link":"https:\/\/andasauces.be\/fr\/produit\/smokey-barbecue\/","title":{"rendered":"Smokey Barbecue"},"content":{"rendered":"<p><strong>D\u00e9licieuse avec<\/strong><\/p>\n<p>Viande rouge, frites et snacks<\/p>\n<p><a href=\"https:\/\/andasauces.be\/wp-content\/uploads\/2021\/10\/icoontje-productpagina-01.png\"><img decoding=\"async\" src=\"https:\/\/andasauces.be\/wp-content\/uploads\/2021\/10\/icoontje-productpagina-01-300x300.png\" alt=\"\" width=\"50\" height=\"50\" \/><\/a> <img decoding=\"async\" src=\"https:\/\/andasauces.be\/wp-content\/uploads\/2021\/10\/icoontje-productpagina-06-300x300.png\" alt=\"\" width=\"50\" height=\"50\" \/> <a href=\"https:\/\/andasauces.be\/wp-content\/uploads\/2021\/10\/icoontje-productpagina-09.png\"><img decoding=\"async\" src=\"https:\/\/andasauces.be\/wp-content\/uploads\/2021\/10\/icoontje-productpagina-09-300x300.png\" alt=\"\" width=\"50\" height=\"50\" \/><\/a><\/p>\n","protected":false},"excerpt":{"rendered":"<p>La sauce Smokey Barbecue est une sauce barbecue \u00e9paisse assaisonn\u00e9e d&rsquo;un m\u00e9lange d\u2019\u00e9pices unique et au go\u00fbt fum\u00e9 authentique. Cette sauce presque noire est un incontournable si vous souhaitez donner un go\u00fbt de grillade \u00e0 vos d\u00e9licieux hamburgers et convient \u00e9galement parfaitement aux produits \u00e0 base de poulet et aux c\u00f4telettes. Vous pouvez aussi faire mariner vos viandes dans cette sauce avant de les faire cuire au barbecue.<\/p>\n<p>&nbsp;<\/p>\n<h2><strong>Ingr\u00e9dients<\/strong><\/h2>\n<p>sucre, eau, concentr\u00e9 de tomates, m\u00e9lasse, vinaigre, <strong>moutarde <\/strong>(eau, <strong>graines de moutarde, <\/strong>vinaigre, sel, herbes), amidon de ma\u00efs modifi\u00e9, sel, acide citrique, ail en poudre, sucre fum\u00e9, ar\u00f4me, extrait.<\/p>\n<p>&nbsp;<\/p>\n<h2>Allerg\u00e8nes<\/h2>\n<p>Moutarde<\/p>\n<p>&nbsp;<\/p>\n<h2><strong>D\u00e9licieuse avec<\/strong><\/h2>\n<p>Elle est excellente avec tous les plats de viande et les hamburgers.<\/p>\n<p>Laissez-vous inspirer par ces recettes:<\/p>\n<ul>\n<li><a href=\"https:\/\/andasauces.be\/fr\/recettes\/wild-west-burger-avec-sauce-anda-smokey-barbecue\/\">Wild West Burger<\/a><\/li>\n<li><a href=\"https:\/\/andasauces.be\/fr\/recettes\/dubble-crunchy-chicken-burger-avec-trois-sauces-anda-differentes-2\/\">Double Crunchy Chicken Burger<\/a><\/li>\n<\/ul>\n<p>&nbsp;<\/p>\n<p><img decoding=\"async\" class=\"\" src=\"https:\/\/andasauces.be\/wp-content\/uploads\/2021\/10\/icoontje-productpagina-01-300x300.png\" alt=\"\" width=\"50\" height=\"50\" \/> <img decoding=\"async\" class=\"\" src=\"https:\/\/andasauces.be\/wp-content\/uploads\/2021\/10\/icoontje-productpagina-09-300x300.png\" alt=\"\" width=\"50\" height=\"50\" \/> <img decoding=\"async\" class=\"alignnone wp-image-2056\" src=\"https:\/\/andasauces.be\/wp-content\/uploads\/2021\/10\/icoontje-productpagina-02-300x300.png\" alt=\"\" width=\"50\" height=\"50\" srcset=\"https:\/\/andasauces.be\/wp-content\/uploads\/2021\/10\/icoontje-productpagina-02-100x100.png 100w, https:\/\/andasauces.be\/wp-content\/uploads\/2021\/10\/icoontje-productpagina-02-150x150.png 150w, https:\/\/andasauces.be\/wp-content\/uploads\/2021\/10\/icoontje-productpagina-02-300x300.png 300w, https:\/\/andasauces.be\/wp-content\/uploads\/2021\/10\/icoontje-productpagina-02-500x499.png 500w, https:\/\/andasauces.be\/wp-content\/uploads\/2021\/10\/icoontje-productpagina-02-700x699.png 700w, https:\/\/andasauces.be\/wp-content\/uploads\/2021\/10\/icoontje-productpagina-02-768x767.png 768w, https:\/\/andasauces.be\/wp-content\/uploads\/2021\/10\/icoontje-productpagina-02.png 887w\" sizes=\"(max-width: 50px) 100vw, 50px\" \/><\/p>\n<p>&nbsp;<\/p>\n<h2><strong>Sp\u00e9cifications du produit<\/strong><\/h2>\n<ul>\n<li><a href=\"https:\/\/permalink.psinfoodservice.com\/prod\/product\/web\/ean\/5412541506067\/db613862-49b3-492b-8b98-6694d76a3e2c\/?language=NL&amp;detailLevel=basic&amp;preferredTargetMarket=BE\" target=\"_blank\" rel=\"noopener\"><span style=\"font-weight: 400;\">Smokey Barbecue Tube 1L<\/span><\/a><\/li>\n<\/ul>\n","protected":false},"featured_media":6387,"template":"","meta":{"_acf_changed":false},"product_brand":[],"product_cat":[142],"product_tag":[131,179,134,135],"class_list":{"0":"post-4904","1":"product","2":"type-product","3":"status-publish","4":"has-post-thumbnail","6":"product_cat-sauces","7":"product_tag-sauce-hamburger","8":"product_tag-tube-1l-fr","9":"product_tag-vegane","10":"product_tag-vegetarienne","12":"first","13":"instock","14":"shipping-taxable","15":"purchasable","16":"product-type-variable"},"acf":[],"_links":{"self":[{"href":"https:\/\/andasauces.be\/fr\/wp-json\/wp\/v2\/product\/4904","targetHints":{"allow":["GET"]}}],"collection":[{"href":"https:\/\/andasauces.be\/fr\/wp-json\/wp\/v2\/product"}],"about":[{"href":"https:\/\/andasauces.be\/fr\/wp-json\/wp\/v2\/types\/product"}],"wp:featuredmedia":[{"embeddable":true,"href":"https:\/\/andasauces.be\/fr\/wp-json\/wp\/v2\/media\/6387"}],"wp:attachment":[{"href":"https:\/\/andasauces.be\/fr\/wp-json\/wp\/v2\/media?parent=4904"}],"wp:term":[{"taxonomy":"product_brand","embeddable":true,"href":"https:\/\/andasauces.be\/fr\/wp-json\/wp\/v2\/product_brand?post=4904"},{"taxonomy":"product_cat","embeddable":true,"href":"https:\/\/andasauces.be\/fr\/wp-json\/wp\/v2\/product_cat?post=4904"},{"taxonomy":"product_tag","embeddable":true,"href":"https:\/\/andasauces.be\/fr\/wp-json\/wp\/v2\/product_tag?post=4904"}],"curies":[{"name":"wp","href":"https:\/\/api.w.org\/{rel}","templated":true}]}}